{"id":255,"date":"2021-10-05T15:44:57","date_gmt":"2021-10-05T15:44:57","guid":{"rendered":"http:\/\/eco-digest.ro\/?page_id=255"},"modified":"2023-05-31T11:03:21","modified_gmt":"2023-05-31T11:03:21","slug":"haufige-fragen","status":"publish","type":"page","link":"https:\/\/eco-digest.com\/?page_id=255","title":{"rendered":"H\u00e4ufige Fragen"},"content":{"rendered":"\t\t<div data-elementor-type=\"wp-page\" data-elementor-id=\"255\" class=\"elementor elementor-255\">\n\t\t\t\t\t\t\t\t\t<section class=\"elementor-section elementor-top-section elementor-element elementor-element-42292fb6 elementor-section-full_width elementor-section-stretched elementor-section-height-default elementor-section-height-default\" data-id=\"42292fb6\" data-element_type=\"section\" data-settings=\"{&quot;stretch_section&quot;:&quot;section-stretched&quot;,&quot;background_background&quot;:&quot;classic&quot;}\">\n\t\t\t\t\t\t\t<div class=\"elementor-background-overlay\"><\/div>\n\t\t\t\t\t\t\t<div class=\"elementor-container elementor-column-gap-default\">\n\t\t\t\t\t<div class=\"elementor-column elementor-col-33 elementor-top-column elementor-element elementor-element-44619349\" data-id=\"44619349\" data-element_type=\"column\">\n\t\t\t<div class=\"elementor-widget-wrap elementor-element-populated\">\n\t\t\t\t\t\t\t\t<div class=\"elementor-element elementor-element-48704fab elementor-widget elementor-widget-image\" data-id=\"48704fab\" data-element_type=\"widget\" data-widget_type=\"image.default\">\n\t\t\t\t<div class=\"elementor-widget-container\">\n\t\t\t<style>\/*! elementor - v3.13.3 - 28-05-2023 *\/\n.elementor-widget-image{text-align:center}.elementor-widget-image a{display:inline-block}.elementor-widget-image a img[src$=\".svg\"]{width:48px}.elementor-widget-image img{vertical-align:middle;display:inline-block}<\/style>\t\t\t\t\t\t\t\t\t\t\t\t\t<a href=\"http:\/\/eco-digest.com\/\">\n\t\t\t\t\t\t\t<img decoding=\"async\" src=\"https:\/\/i0.wp.com\/eco-digest.com\/wp-content\/uploads\/2023\/05\/LOGO-4.png?fit=600%2C600&amp;ssl=1\" title=\"\" alt=\"\" loading=\"lazy\" \/>\t\t\t\t\t\t\t\t<\/a>\n\t\t\t\t\t\t\t\t\t\t\t\t\t\t\t<\/div>\n\t\t\t\t<\/div>\n\t\t\t\t\t<\/div>\n\t\t<\/div>\n\t\t\t\t<div class=\"elementor-column elementor-col-33 elementor-top-column elementor-element elementor-element-492e3d0f\" data-id=\"492e3d0f\" data-element_type=\"column\">\n\t\t\t<div class=\"elementor-widget-wrap elementor-element-populated\">\n\t\t\t\t\t\t\t\t<div class=\"elementor-element elementor-element-1ac61f6e elementor-widget elementor-widget-heading\" data-id=\"1ac61f6e\" data-element_type=\"widget\" data-widget_type=\"heading.default\">\n\t\t\t\t<div class=\"elementor-widget-container\">\n\t\t\t<style>\/*! elementor - v3.13.3 - 28-05-2023 *\/\n.elementor-heading-title{padding:0;margin:0;line-height:1}.elementor-widget-heading .elementor-heading-title[class*=elementor-size-]>a{color:inherit;font-size:inherit;line-height:inherit}.elementor-widget-heading .elementor-heading-title.elementor-size-small{font-size:15px}.elementor-widget-heading .elementor-heading-title.elementor-size-medium{font-size:19px}.elementor-widget-heading .elementor-heading-title.elementor-size-large{font-size:29px}.elementor-widget-heading .elementor-heading-title.elementor-size-xl{font-size:39px}.elementor-widget-heading .elementor-heading-title.elementor-size-xxl{font-size:59px}<\/style><h2 class=\"elementor-heading-title elementor-size-default\"><a href=\"https:\/\/eco-digest.com\/?page_id=255\">H\u00e4ufige Fragen<\/a><\/h2>\t\t<\/div>\n\t\t\t\t<\/div>\n\t\t\t\t\t<\/div>\n\t\t<\/div>\n\t\t\t\t<div class=\"elementor-column elementor-col-33 elementor-top-column elementor-element elementor-element-5ef3a483\" data-id=\"5ef3a483\" data-element_type=\"column\">\n\t\t\t<div class=\"elementor-widget-wrap elementor-element-populated\">\n\t\t\t\t\t\t\t\t<div class=\"elementor-element elementor-element-472bd27f elementor-widget elementor-widget-heading\" data-id=\"472bd27f\" data-element_type=\"widget\" data-widget_type=\"heading.default\">\n\t\t\t\t<div class=\"elementor-widget-container\">\n\t\t\t<h2 class=\"elementor-heading-title elementor-size-default\"><a href=\"https:\/\/eco-digest.com\/?page_id=349\">Kontakt<\/a><\/h2>\t\t<\/div>\n\t\t\t\t<\/div>\n\t\t\t\t\t<\/div>\n\t\t<\/div>\n\t\t\t\t\t\t\t<\/div>\n\t\t<\/section>\n\t\t\t\t<section class=\"elementor-section elementor-top-section elementor-element elementor-element-fa80c9f elementor-section-full_width elementor-section-stretched elementor-section-height-default elementor-section-height-default\" data-id=\"fa80c9f\" data-element_type=\"section\" data-settings=\"{&quot;stretch_section&quot;:&quot;section-stretched&quot;,&quot;background_background&quot;:&quot;gradient&quot;,&quot;shape_divider_top&quot;:&quot;wave-brush&quot;}\">\n\t\t\t\t\t\t\t<div class=\"elementor-background-overlay\"><\/div>\n\t\t\t\t\t\t<div class=\"elementor-shape elementor-shape-top\" data-negative=\"false\">\n\t\t\t<svg xmlns=\"http:\/\/www.w3.org\/2000\/svg\" viewBox=\"0 0 283.5 27.8\" preserveAspectRatio=\"none\">\n\t<path class=\"elementor-shape-fill\" d=\"M283.5,9.7c0,0-7.3,4.3-14,4.6c-6.8,0.3-12.6,0-20.9-1.5c-11.3-2-33.1-10.1-44.7-5.7\ts-12.1,4.6-18,7.4c-6.6,3.2-20,9.6-36.6,9.3C131.6,23.5,99.5,7.2,86.3,8c-1.4,0.1-6.6,0.8-10.5,2c-3.8,1.2-9.4,3.8-17,4.7\tc-3.2,0.4-8.3,1.1-14.2,0.9c-1.5-0.1-6.3-0.4-12-1.6c-5.7-1.2-11-3.1-15.8-3.7C6.5,9.2,0,10.8,0,10.8V0h283.5V9.7z M260.8,11.3\tc-0.7-1-2-0.4-4.3-0.4c-2.3,0-6.1-1.2-5.8-1.1c0.3,0.1,3.1,1.5,6,1.9C259.7,12.2,261.4,12.3,260.8,11.3z M242.4,8.6\tc0,0-2.4-0.2-5.6-0.9c-3.2-0.8-10.3-2.8-15.1-3.5c-8.2-1.1-15.8,0-15.1,0.1c0.8,0.1,9.6-0.6,17.6,1.1c3.3,0.7,9.3,2.2,12.4,2.7\tC239.9,8.7,242.4,8.6,242.4,8.6z M185.2,8.5c1.7-0.7-13.3,4.7-18.5,6.1c-2.1,0.6-6.2,1.6-10,2c-3.9,0.4-8.9,0.4-8.8,0.5\tc0,0.2,5.8,0.8,11.2,0c5.4-0.8,5.2-1.1,7.6-1.6C170.5,14.7,183.5,9.2,185.2,8.5z M199.1,6.9c0.2,0-0.8-0.4-4.8,1.1\tc-4,1.5-6.7,3.5-6.9,3.7c-0.2,0.1,3.5-1.8,6.6-3C197,7.5,199,6.9,199.1,6.9z M283,6c-0.1,0.1-1.9,1.1-4.8,2.5s-6.9,2.8-6.7,2.7\tc0.2,0,3.5-0.6,7.4-2.5C282.8,6.8,283.1,5.9,283,6z M31.3,11.6c0.1-0.2-1.9-0.2-4.5-1.2s-5.4-1.6-7.8-2C15,7.6,7.3,8.5,7.7,8.6\tC8,8.7,15.9,8.3,20.2,9.3c2.2,0.5,2.4,0.5,5.7,1.6S31.2,11.9,31.3,11.6z M73,9.2c0.4-0.1,3.5-1.6,8.4-2.6c4.9-1.1,8.9-0.5,8.9-0.8\tc0-0.3-1-0.9-6.2-0.3S72.6,9.3,73,9.2z M71.6,6.7C71.8,6.8,75,5.4,77.3,5c2.3-0.3,1.9-0.5,1.9-0.6c0-0.1-1.1-0.2-2.7,0.2\tC74.8,5.1,71.4,6.6,71.6,6.7z M93.6,4.4c0.1,0.2,3.5,0.8,5.6,1.8c2.1,1,1.8,0.6,1.9,0.5c0.1-0.1-0.8-0.8-2.4-1.3\tC97.1,4.8,93.5,4.2,93.6,4.4z M65.4,11.1c-0.1,0.3,0.3,0.5,1.9-0.2s2.6-1.3,2.2-1.2s-0.9,0.4-2.5,0.8C65.3,10.9,65.5,10.8,65.4,11.1\tz M34.5,12.4c-0.2,0,2.1,0.8,3.3,0.9c1.2,0.1,2,0.1,2-0.2c0-0.3-0.1-0.5-1.6-0.4C36.6,12.8,34.7,12.4,34.5,12.4z M152.2,21.1\tc-0.1,0.1-2.4-0.3-7.5-0.3c-5,0-13.6-2.4-17.2-3.5c-3.6-1.1,10,3.9,16.5,4.1C150.5,21.6,152.3,21,152.2,21.1z\"\/>\n\t<path class=\"elementor-shape-fill\" d=\"M269.6,18c-0.1-0.1-4.6,0.3-7.2,0c-7.3-0.7-17-3.2-16.6-2.9c0.4,0.3,13.7,3.1,17,3.3\tC267.7,18.8,269.7,18,269.6,18z\"\/>\n\t<path class=\"elementor-shape-fill\" d=\"M227.4,9.8c-0.2-0.1-4.5-1-9.5-1.2c-5-0.2-12.7,0.6-12.3,0.5c0.3-0.1,5.9-1.8,13.3-1.2\tS227.6,9.9,227.4,9.8z\"\/>\n\t<path class=\"elementor-shape-fill\" d=\"M204.5,13.4c-0.1-0.1,2-1,3.2-1.1c1.2-0.1,2,0,2,0.3c0,0.3-0.1,0.5-1.6,0.4\tC206.4,12.9,204.6,13.5,204.5,13.4z\"\/>\n\t<path class=\"elementor-shape-fill\" d=\"M201,10.6c0-0.1-4.4,1.2-6.3,2.2c-1.9,0.9-6.2,3.1-6.1,3.1c0.1,0.1,4.2-1.6,6.3-2.6\tS201,10.7,201,10.6z\"\/>\n\t<path class=\"elementor-shape-fill\" d=\"M154.5,26.7c-0.1-0.1-4.6,0.3-7.2,0c-7.3-0.7-17-3.2-16.6-2.9c0.4,0.3,13.7,3.1,17,3.3\tC152.6,27.5,154.6,26.8,154.5,26.7z\"\/>\n\t<path class=\"elementor-shape-fill\" d=\"M41.9,19.3c0,0,1.2-0.3,2.9-0.1c1.7,0.2,5.8,0.9,8.2,0.7c4.2-0.4,7.4-2.7,7-2.6\tc-0.4,0-4.3,2.2-8.6,1.9c-1.8-0.1-5.1-0.5-6.7-0.4S41.9,19.3,41.9,19.3z\"\/>\n\t<path class=\"elementor-shape-fill\" d=\"M75.5,12.6c0.2,0.1,2-0.8,4.3-1.1c2.3-0.2,2.1-0.3,2.1-0.5c0-0.1-1.8-0.4-3.4,0\tC76.9,11.5,75.3,12.5,75.5,12.6z\"\/>\n\t<path class=\"elementor-shape-fill\" d=\"M15.6,13.2c0-0.1,4.3,0,6.7,0.5c2.4,0.5,5,1.9,5,2c0,0.1-2.7-0.8-5.1-1.4\tC19.9,13.7,15.7,13.3,15.6,13.2z\"\/>\n<\/svg>\t\t<\/div>\n\t\t\t\t\t<div class=\"elementor-container elementor-column-gap-default\">\n\t\t\t\t\t<div class=\"elementor-column elementor-col-100 elementor-top-column elementor-element elementor-element-51907ea\" data-id=\"51907ea\" data-element_type=\"column\">\n\t\t\t<div class=\"elementor-widget-wrap elementor-element-populated\">\n\t\t\t\t\t\t\t\t<div class=\"elementor-element elementor-element-8ea6104 elementor-widget elementor-widget-text-editor\" data-id=\"8ea6104\" data-element_type=\"widget\" data-widget_type=\"text-editor.default\">\n\t\t\t\t<div class=\"elementor-widget-container\">\n\t\t\t<style>\/*! elementor - v3.13.3 - 28-05-2023 *\/\n.elementor-widget-text-editor.elementor-drop-cap-view-stacked .elementor-drop-cap{background-color:#69727d;color:#fff}.elementor-widget-text-editor.elementor-drop-cap-view-framed .elementor-drop-cap{color:#69727d;border:3px solid;background-color:transparent}.elementor-widget-text-editor:not(.elementor-drop-cap-view-default) .elementor-drop-cap{margin-top:8px}.elementor-widget-text-editor:not(.elementor-drop-cap-view-default) .elementor-drop-cap-letter{width:1em;height:1em}.elementor-widget-text-editor .elementor-drop-cap{float:left;text-align:center;line-height:1;font-size:50px}.elementor-widget-text-editor .elementor-drop-cap-letter{display:inline-block}<\/style>\t\t\t\t<p><strong>Wie oft und wie viel Lebensmittelabfall kann ich in die ECO-DIGEST-Anlage zuf\u00fchren?<\/strong><\/p><p>Dies richtet sich nach der Art des Abfalls, den Sie in die Anlage zuf\u00fchren. Es wird jedoch \u00fcblicherweise empfohlen, die Zufuhr alle 2-3 Stunden zu versuchen. Je h\u00f6her die Zufuhrh\u00e4ufigkeit ist, desto h\u00f6her ist die Effizienz der Verdauung \u00fcber einen Zeitraum von 24 Stunden.<\/p><p>Die Zufuhr in die ORCA h\u00e4ngt auch von der Art der Lebensmittelabf\u00e4lle und der Gr\u00f6\u00dfe Ihrer ECIO DIGEST\u00a0 Anlage ab.<\/p><p>Es gelten folgende allgemeinen Anweisungen:<\/p><p>ED25: verarbeitet 250 kg pro Tag<br \/>ED 50: verarbeitet 500 kg pro Tag\u00a0<\/p><p><strong>Muss ich mit Mikroorganismen erg\u00e4nzen?<\/strong><\/p><p>Nein, das Mikroorganismenbeh\u00e4lter ist versiegelt und kann nur von der Technikabteilung der ECO DIGEST ge\u00f6ffnet werden. Wenn das rote Licht des Mikroorganismensensors leuchtet, wenden Sie sich an den ECO-DIGEST-Support, um ein Termin f\u00fcr die Erg\u00e4nzung zu vereinbaren. Es wird darauf hingewiesen, dass das Licht sich dann anschaltet, wenn der Pegel sinkt, es gibt jedoch zu diesem Zeitpunkt Mikroorganismen f\u00fcr eine weitere Woche.<\/p><p><strong>Kann ich die Anlage ausschalten?<\/strong><\/p><p>Nein, ECO DIGEST sollte niemals ausgeschaltet werden und soll im Dauerbetrieb bleiben. ECO DIGEST sollte nur im Notfall ausgeschaltet werden. Es ist zu beachten, dass ECO DIGEST in den Energiesparmodus wechselt, wenn die T\u00fcr der Anlage 12 Stunden lang nicht ge\u00f6ffnet wurde.<\/p><p><strong>Gibt es R\u00fcckst\u00e4nde?<\/strong><\/p><p>Solange das organische Material in die ECO DIGEST zugef\u00fchrt wird, verbleiben keine R\u00fcckst\u00e4nde. Es wird darauf hingewiesen, dass bei einigen Produkten die Verdauung l\u00e4nger dauert. Zum Beispiel werden Salat und Gem\u00fcseschalen viel schneller als H\u00fchnerknochen verdaut. Die Mikroorganismen verdauen den organischen Abfall dauerhaft, bis er zu einem \u201egrauen Abwasser\u201c wird, das dann durch das Sieb am Boden der ECO-DIGEST-Anlage in die Entw\u00e4sserungsanlage flie\u00dft.<\/p><p><strong>Wie werden organische Abf\u00e4lle entsorgt?<\/strong><\/p><p>In ECO DIGEST werden organische Abf\u00e4lle durch aerobe Verg\u00e4rung abgebaut. Dabei verwenden Mikroorganismen Sauerstoff, um organische Stoffe in Wasser und Kohlendioxid umzuwandeln.<\/p><p><strong>Funktioniert der Vorgang?<\/strong><\/p><p>Ja. Unsere Technik basiert auf der aeroben Verdauung unter Verwendung von Mikroorganismen mit nat\u00fcrlicher Entwicklung in einem Biofilmreaktor und einem mobilen Bett. Im Durchschnitt kann der Vorgang durch den Ausgleich des Reaktorumfelds feste organische Stoffe in 24 Stunden in Abwasser umwandeln.<\/p><p><strong>Beeintr\u00e4chtigen Mikroorganismen die Sicherheit unseres Arbeitsumfelds?<\/strong><\/p><p>Die in ECO DIGEST verwendeten Mikroorganismen sind eine spezielle Sorte, die nat\u00fcrlicherweise in der Umwelt vorhanden ist. Wie bei jeder Art von Abfall sind beim Umgang mit Lebensmittelabf\u00e4llen oder den ECO-DIGEST-Abw\u00e4ssern normale Vorsichtsma\u00dfnahmen erforderlich, es besteht jedoch keine Gefahr f\u00fcr die Luft, das Wasser oder die Mitarbeiter, die die ECO-DIGEST-Anlage bedienen.<\/p><p><strong>Welche Betriebe k\u00f6nnen von ECO DIGEST profitieren?<\/strong><\/p><p>ECO DIGEST wurde f\u00fcr den Management und die Verdauung gro\u00dfer Mengen von Lebensmittelabf\u00e4llen entwickelt. Demnach k\u00f6nnen Betriebe wie Superm\u00e4rkte, Hotels, Konferenzzentren, Stadien, Einkaufszentren, Krankenh\u00e4user, Justizvollzugsanstalten usw. von der ECO-DIGEST-L\u00f6sung voll profitieren.<\/p><p><strong>Was geschieht mit dem Abwasser, wenn es die Anlage verl\u00e4sst?<\/strong><\/p><p>Wenn das Abwasser aus der Anlage abgeleitet wird, wird es direkt in das interne Entw\u00e4sserungssystem eingeleitet, danach flie\u00dft es in das \u00f6ffentliche Abwassersystem. Von dort wird es in der Kl\u00e4ranlage behandelt und dann als sauberes Wasser in Fl\u00fcsse, Seen und andere Quellen eingeleitet.<\/p><p><strong>Wie lange dauert der Installationsvorgang?<\/strong><\/p><p>Nachdem die Anforderungen f\u00fcr die Vorinstallation best\u00e4tigt wurden, kann die Installation an einem Tag durchgef\u00fchrt werden.<\/p>\t\t\t\t\t\t<\/div>\n\t\t\t\t<\/div>\n\t\t\t\t\t<\/div>\n\t\t<\/div>\n\t\t\t\t\t\t\t<\/div>\n\t\t<\/section>\n\t\t\t\t<section class=\"elementor-section elementor-top-section elementor-element elementor-element-b5f37e1 elementor-section-boxed elementor-section-height-default elementor-section-height-default\" data-id=\"b5f37e1\" data-element_type=\"section\">\n\t\t\t\t\t\t<div class=\"elementor-container elementor-column-gap-default\">\n\t\t\t\t\t<div class=\"elementor-column elementor-col-100 elementor-top-column elementor-element elementor-element-1272ca0\" data-id=\"1272ca0\" data-element_type=\"column\">\n\t\t\t<div class=\"elementor-widget-wrap elementor-element-populated\">\n\t\t\t\t\t\t\t\t<div class=\"elementor-element elementor-element-04c3d54 elementor-invisible elementor-widget elementor-widget-image\" data-id=\"04c3d54\" data-element_type=\"widget\" data-settings=\"{&quot;_animation&quot;:&quot;pulse&quot;}\" data-widget_type=\"image.default\">\n\t\t\t\t<div class=\"elementor-widget-container\">\n\t\t\t\t\t\t\t\t\t\t\t\t\t\t\t<img loading=\"lazy\" decoding=\"async\" width=\"904\" height=\"904\" src=\"https:\/\/i0.wp.com\/eco-digest.com\/wp-content\/uploads\/2020\/02\/logo.jpg?fit=904%2C904&amp;ssl=1\" class=\"attachment-large size-large wp-image-142\" alt=\"\" srcset=\"https:\/\/i0.wp.com\/eco-digest.com\/wp-content\/uploads\/2020\/02\/logo.jpg?w=904&amp;ssl=1 904w, https:\/\/i0.wp.com\/eco-digest.com\/wp-content\/uploads\/2020\/02\/logo.jpg?resize=300%2C300&amp;ssl=1 300w, https:\/\/i0.wp.com\/eco-digest.com\/wp-content\/uploads\/2020\/02\/logo.jpg?resize=150%2C150&amp;ssl=1 150w, https:\/\/i0.wp.com\/eco-digest.com\/wp-content\/uploads\/2020\/02\/logo.jpg?resize=768%2C768&amp;ssl=1 768w\" sizes=\"auto, (max-width: 904px) 100vw, 904px\" \/>\t\t\t\t\t\t\t\t\t\t\t\t\t\t\t<\/div>\n\t\t\t\t<\/div>\n\t\t\t\t\t<\/div>\n\t\t<\/div>\n\t\t\t\t\t\t\t<\/div>\n\t\t<\/section>\n\t\t\t\t\t\t\t<\/div>\n\t\t","protected":false},"excerpt":{"rendered":"<p>H\u00e4ufige Fragen Kontakt Wie oft und wie viel Lebensmittelabfall kann ich in die ECO-DIGEST-Anlage zuf\u00fchren? Dies richtet sich nach der Art des Abfalls, den Sie in die Anlage zuf\u00fchren. Es wird jedoch \u00fcblicherweise empfohlen, die Zufuhr alle 2-3 Stunden zu versuchen. Je h\u00f6her die Zufuhrh\u00e4ufigkeit ist, desto h\u00f6her ist die Effizienz der Verdauung \u00fcber einen [&hellip;]<\/p>\n","protected":false},"author":1,"featured_media":0,"parent":0,"menu_order":0,"comment_status":"closed","ping_status":"closed","template":"","meta":{"footnotes":""},"class_list":["post-255","page","type-page","status-publish","hentry","entry"],"_links":{"self":[{"href":"https:\/\/eco-digest.com\/index.php?rest_route=\/wp\/v2\/pages\/255","targetHints":{"allow":["GET"]}}],"collection":[{"href":"https:\/\/eco-digest.com\/index.php?rest_route=\/wp\/v2\/pages"}],"about":[{"href":"https:\/\/eco-digest.com\/index.php?rest_route=\/wp\/v2\/types\/page"}],"author":[{"embeddable":true,"href":"https:\/\/eco-digest.com\/index.php?rest_route=\/wp\/v2\/users\/1"}],"replies":[{"embeddable":true,"href":"https:\/\/eco-digest.com\/index.php?rest_route=%2Fwp%2Fv2%2Fcomments&post=255"}],"version-history":[{"count":26,"href":"https:\/\/eco-digest.com\/index.php?rest_route=\/wp\/v2\/pages\/255\/revisions"}],"predecessor-version":[{"id":585,"href":"https:\/\/eco-digest.com\/index.php?rest_route=\/wp\/v2\/pages\/255\/revisions\/585"}],"wp:attachment":[{"href":"https:\/\/eco-digest.com\/index.php?rest_route=%2Fwp%2Fv2%2Fmedia&parent=255"}],"curies":[{"name":"wp","href":"https:\/\/api.w.org\/{rel}","templated":true}]}}